{"id":27,"date":"2024-09-16T22:16:33","date_gmt":"2024-09-16T22:16:33","guid":{"rendered":"http:\/\/vejenudaftraumeogstress.dk\/?page_id=27"},"modified":"2026-02-22T19:12:50","modified_gmt":"2026-02-22T19:12:50","slug":"jeg-tilbyder","status":"publish","type":"page","link":"http:\/\/www.vejenudaftraumeogstress.dk\/index.php\/jeg-tilbyder\/","title":{"rendered":"Jeg tilbyder"},"content":{"rendered":"<p>[et_pb_section fb_built=&#8221;1&#8243; _builder_version=&#8221;4.0.11&#8243;][et_pb_row _builder_version=&#8221;4.0.11&#8243;][et_pb_column type=&#8221;4_4&#8243; _builder_version=&#8221;4.0.11&#8243;][et_pb_image src=&#8221;http:\/\/www.vejenudaftraumeogstress.dk\/wp-content\/uploads\/2025\/06\/Kinesiologi-som-vaerkttoej.png&#8221; _builder_version=&#8221;4.0.11&#8243;][\/et_pb_image][\/et_pb_column][\/et_pb_row][et_pb_row _builder_version=&#8221;4.0.11&#8243;][et_pb_column type=&#8221;4_4&#8243; _builder_version=&#8221;4.0.11&#8243;][et_pb_text _builder_version=&#8221;4.0.11&#8243; text_font=&#8221;Old Standard TT||||||||&#8221;]<\/p>\n<h1 style=\"text-align: center;\"><span style=\"text-decoration: underline;\"><strong>Jeg tilbyder p\u00e5 nuv\u00e6rende tidspunkt kun online hj\u00e6lp<\/strong><\/span><\/h1>\n<p><span style=\"text-decoration: underline;\"><strong><\/strong><\/span><\/p>\n<p style=\"text-align: center;\">Jeg tilbyder hj\u00e6lp hvor kinesiologien, nervesystemet og hvad DIN krop har brug for er omdrejningspunkt. Det er p\u00e5 ingen m\u00e5de one size fits all, men meget individuelt, og min erfaring er at n\u00e5r vi g\u00e5r ind specifikt via kinesiologien og kommunikerer med DIN krop og nervesystem, s\u00e5 sker der forl\u00f8sning p\u00e5 flere planer.<\/p>\n<p style=\"text-align: center;\">Det som er s\u00e5 fantastisk med kinesiologien er, at vi kommunikerer direkte med din krop og nervesystem via muskeltest, og der kommer kun det op som du og hele dit system er klar til at f\u00e5 hj\u00e6lp og st\u00f8tte til.<\/p>\n<p style=\"text-align: center;\">\n<p style=\"text-align: center;\"><strong>N\u00e5r vi kun arbejder via samtaleterapi, top down approach (kun fra hovedet via samtaleterapi), s\u00e5 arbejder vi kun med 5-20 % af roden og hele os, dvs. s\u00e5 arbejder vi kun med psyke \u2013 tanker og f\u00f8lelser \u2013 som p\u00e5 ingen m\u00e5de er nok, da traumer og stress ligger lagret i kroppen og mere specifikt i vores nervessystem og bindev\u00e6v (som h\u00e6nger t\u00e6t sammen). N\u00e5r vi derimod arbejder fra og med kroppen, bottom up approach (fra krop via eksempelvis kinesiologi eller kropsterapi), s\u00e5 arbejder vi med 80-90 % af roden og hele os, dvs. krop, nervesystem, traumer og dermed ogs\u00e5 tanker og f\u00f8lelser som er styret af ens krop og nervesystems tilstand.<\/strong><\/p>\n<p style=\"text-align: center;\">Jeg vil som udgangspunkt teste ind p\u00e5 hvad det er dit nervesystem og krop har brug for fra mig, hvis du v\u00e6lger mig som hj\u00e6lper.<\/p>\n<h3 style=\"text-align: center;\">Jeg tilbyder online hj\u00e6lp til at du kan f\u00e5 skabt et landkort over din stress tilstand og f\u00e5 \u00f8velser specifikt til der hvor du er<\/h3>\n<p style=\"text-align: center;\">Den er til dig som b\u00e5de ikke kan overskue at skulle ud og ligge p\u00e5 en briks, men ogs\u00e5 har et utrygt m\u00f8nster og skal se tingenen an, s\u00e5 at sige, men \u00f8nsker min hj\u00e6lp til at regulere dit nervesystem p\u00e5 en k\u00e6rlig og omsorgsfuld m\u00e5de hvor hele dig kan v\u00e6re med\u2026<\/p>\n<p style=\"text-align: center;\">Jeg sender dig et sp\u00f8rgeskema p\u00e5 mail, som du skal besvare, og derudfra kan jeg bedre vide hvor du er og hvad du har brug for ift \u00f8velser.<\/p>\n<p>[\/et_pb_text][\/et_pb_column][\/et_pb_row][\/et_pb_section][et_pb_section fb_built=&#8221;1&#8243; fullwidth=&#8221;on&#8221; _builder_version=&#8221;4.0.11&#8243;][et_pb_fullwidth_image src=&#8221;http:\/\/www.vejenudaftraumeogstress.dk\/wp-content\/uploads\/2025\/06\/Det-praktiske.png&#8221; _builder_version=&#8221;4.0.11&#8243;][\/et_pb_fullwidth_image][\/et_pb_section][et_pb_section fb_built=&#8221;1&#8243; _builder_version=&#8221;4.0.11&#8243; global_module=&#8221;168&#8243;][et_pb_row _builder_version=&#8221;4.0.11&#8243;][et_pb_column type=&#8221;4_4&#8243; _builder_version=&#8221;4.0.11&#8243;][et_pb_text _builder_version=&#8221;4.0.11&#8243; text_font=&#8221;Old Standard TT||||||||&#8221; hover_enabled=&#8221;0&#8243;]<\/p>\n<h3 style=\"text-align: center;\"><strong>Det praktiske<\/strong><\/h3>\n<p style=\"text-align: center;\">Jeg tilbyder en gratis snak p\u00e5 ca 20 minutter hvor du kan h\u00f8re min stemme og f\u00e5 en fornemmelse af mig, og hvor vi begge kan finde ud af om vi er et matcht til hinanden. For mig er det vigtigt at jeg ogs\u00e5 selv f\u00f8ler at jeg kan hj\u00e6lpe lige pr\u00e6cis dig og der hvor du er, da jeg ser det som min fornemmeste og ydmyge opgave at hj\u00e6lpe andre, og da det er en energiudveksling s\u00e5 skal det f\u00f8les n\u00e6rende for os begge. Det er p\u00e5 ingen m\u00e5de penge jeg er drevet af, men helt oprigtigt at hj\u00e6lpe andre.<\/p>\n<p style=\"text-align: center;\">\n<h3 style=\"text-align: center;\"><strong>Kontakt og forsamtale og match:<\/strong><\/h3>\n<p style=\"text-align: center;\"><strong>Send en mail til:<\/strong><\/p>\n<p style=\"text-align: center;\"><a href=\"mailto:kontakt@vejen\">kontakt@vejenudaftraumerogstress.dk<\/a><\/p>\n<p>[\/et_pb_text][\/et_pb_column][\/et_pb_row][\/et_pb_section][et_pb_section fb_built=&#8221;1&#8243; fullwidth=&#8221;on&#8221; _builder_version=&#8221;4.0.11&#8243;][et_pb_fullwidth_image src=&#8221;http:\/\/www.vejenudaftraumeogstress.dk\/wp-content\/uploads\/2025\/06\/citat-bund-hjemmeside.png&#8221; _builder_version=&#8221;4.0.11&#8243;][\/et_pb_fullwidth_image][\/et_pb_section]<\/p>\n","protected":false},"excerpt":{"rendered":"<p>[et_pb_section fb_built=&#8221;1&#8243; _builder_version=&#8221;4.0.11&#8243;][et_pb_row _builder_version=&#8221;4.0.11&#8243;][et_pb_column type=&#8221;4_4&#8243; _builder_version=&#8221;4.0.11&#8243;][et_pb_image src=&#8221;http:\/\/www.vejenudaftraumeogstress.dk\/wp-content\/uploads\/2025\/06\/Kinesiologi-som-vaerkttoej.png&#8221; _builder_version=&#8221;4.0.11&#8243;][\/et_pb_image][\/et_pb_column][\/et_pb_row][et_pb_row _builder_version=&#8221;4.0.11&#8243;][et_pb_column type=&#8221;4_4&#8243; _builder_version=&#8221;4.0.11&#8243;][et_pb_text _builder_version=&#8221;4.0.11&#8243; text_font=&#8221;Old Standard TT||||||||&#8221;] Jeg tilbyder p\u00e5 nuv\u00e6rende tidspunkt kun online hj\u00e6lp Jeg tilbyder hj\u00e6lp hvor kinesiologien, nervesystemet og hvad DIN krop har brug for er omdrejningspunkt. Det er p\u00e5 ingen m\u00e5de one size fits all, men meget individuelt, og min erfaring er at [&hellip;]<\/p>\n","protected":false},"author":1,"featured_media":0,"parent":0,"menu_order":0,"comment_status":"closed","ping_status":"closed","template":"","meta":{"_et_pb_use_builder":"on","_et_pb_old_content":"","footnotes":""},"class_list":["post-27","page","type-page","status-publish","hentry"],"_links":{"self":[{"href":"http:\/\/www.vejenudaftraumeogstress.dk\/index.php\/wp-json\/wp\/v2\/pages\/27"}],"collection":[{"href":"http:\/\/www.vejenudaftraumeogstress.dk\/index.php\/wp-json\/wp\/v2\/pages"}],"about":[{"href":"http:\/\/www.vejenudaftraumeogstress.dk\/index.php\/wp-json\/wp\/v2\/types\/page"}],"author":[{"embeddable":true,"href":"http:\/\/www.vejenudaftraumeogstress.dk\/index.php\/wp-json\/wp\/v2\/users\/1"}],"replies":[{"embeddable":true,"href":"http:\/\/www.vejenudaftraumeogstress.dk\/index.php\/wp-json\/wp\/v2\/comments?post=27"}],"version-history":[{"count":12,"href":"http:\/\/www.vejenudaftraumeogstress.dk\/index.php\/wp-json\/wp\/v2\/pages\/27\/revisions"}],"predecessor-version":[{"id":270,"href":"http:\/\/www.vejenudaftraumeogstress.dk\/index.php\/wp-json\/wp\/v2\/pages\/27\/revisions\/270"}],"wp:attachment":[{"href":"http:\/\/www.vejenudaftraumeogstress.dk\/index.php\/wp-json\/wp\/v2\/media?parent=27"}],"curies":[{"name":"wp","href":"https:\/\/api.w.org\/{rel}","templated":true}]}}