{"id":33,"date":"2024-09-16T22:26:21","date_gmt":"2024-09-16T22:26:21","guid":{"rendered":"http:\/\/vejenudaftraumeogstress.dk\/?page_id=33"},"modified":"2026-01-06T01:22:47","modified_gmt":"2026-01-06T01:22:47","slug":"blog","status":"publish","type":"page","link":"http:\/\/www.vejenudaftraumeogstress.dk\/index.php\/blog\/","title":{"rendered":"Om mig"},"content":{"rendered":"<p>[et_pb_section fb_built=&#8221;1&#8243; _builder_version=&#8221;4.0.11&#8243;][et_pb_row _builder_version=&#8221;4.0.11&#8243;][et_pb_column type=&#8221;4_4&#8243; _builder_version=&#8221;4.0.11&#8243;][et_pb_image src=&#8221;http:\/\/www.vejenudaftraumeogstress.dk\/wp-content\/uploads\/2025\/06\/Hvem-er-jeg.png&#8221; _builder_version=&#8221;4.0.11&#8243;][\/et_pb_image][\/et_pb_column][\/et_pb_row][\/et_pb_section][et_pb_section fb_built=&#8221;1&#8243; _builder_version=&#8221;4.0.11&#8243; global_module=&#8221;166&#8243;][et_pb_row _builder_version=&#8221;4.0.11&#8243;][et_pb_column type=&#8221;4_4&#8243; _builder_version=&#8221;4.0.11&#8243;][et_pb_text _builder_version=&#8221;4.0.11&#8243; text_font=&#8221;Old Standard TT||||||||&#8221; hover_enabled=&#8221;0&#8243;]<\/p>\n<h3 style=\"text-align: center;\"><strong>Hvem er jeg?<\/strong><\/h3>\n<p style=\"text-align: center;\">Jeg hedder Ninna, er 46 ung, fra K\u00f8benhavn.<\/p>\n<p style=\"text-align: center;\">Jeg er klassisk projektor i human design og 2er som grundenergi i numerologi, s\u00e5 jeg kommer med et meget sansest\u00e6rkt nervesystem og intuition, hvor en af mine st\u00f8rste evner er at fornemme andre og dermed vejlede og hj\u00e6lpe dem.<\/p>\n<p style=\"text-align: center;\">Jeg elsker alt hvad som har med terapi, traumer, indre transformationer samt nervesystem at g\u00f8re, og har is\u00e6r n\u00f8rdet terapi og traumer og sammenh\u00e6ng mellem krop og sind siden jeg var start 20erne.<\/p>\n<p style=\"text-align: center;\">Jeg oplevede mit f\u00f8rste traume som 2 \u00e5rig, og s\u00e5 k\u00f8rte det ellers derfra, s\u00e5 at sige, og som 17 \u00e5rig havde jeg allerede oplevet mit 3 d\u00f8dafald, alle tre af familiemedlemmer meget t\u00e6t p\u00e5. S\u00e5 jeg \u00f8nskede at forst\u00e5 og blive klogere p\u00e5 min sorg og smerte, mig selv og at komme ud af den traumeramte spiral jeg var havnet i, s\u00e5 i 2010, som 30 \u00e5rig, tog jeg min f\u00f8rste udannelse inden for hele det omr\u00e5de og derfra var der en lang periode med forskellige uddannelser, som du kan l\u00e6se om l\u00e6ngere nede i teksten.<\/p>\n<h4 style=\"text-align: center;\">En gamechanger i mit eget liv<\/h4>\n<p style=\"text-align: center;\">I 2021 \u00e5bnede der sig s\u00e5 en helt ny verden op for mig med nervesystemet og regulering heraf samt bindev\u00e6vet, som alt sammen var endnu mere vildt for mig, fordi jeg m\u00e6rkede, p\u00e5 egen krop, den magiske transformation der sker, n\u00e5r vi mennesker g\u00e5r ind og l\u00f8bende regulerer vores nervesystem og lytter til kroppen og dens sprog. Jeg er is\u00e6r optaget af samarbejdet med kroppen, nervesystemet og hele tiden at v\u00e6rne om sig selv og ens egen energi.<\/p>\n<p style=\"text-align: center;\">Min rejse med terapi og kinesiologi begyndte som 24 \u00e5rig da l\u00e6gesystemet ikke kunne hj\u00e6lpe mig, s\u00e5 jeg begyndte at g\u00e5 i session hos hende jeg senere hen blev uddannet hos i 2010 allerede som 24 \u00e5rig, s\u00e5 det f\u00f8ltes meget som at jeg gik i mesterl\u00e6re hos hende i 6 \u00e5r inden jeg tog hendes uddannelse fordi jeg altid spurgte nysgerrigt ind til alt muligt og elskede mine dage hvor jeg skulle til hende, og det var starten p\u00e5 en sp\u00e6ndende rejse ind i psyken og en masse v\u00e6rkt\u00f8jer.<\/p>\n<p style=\"text-align: center;\">Jeg tror p\u00e5 at for at bedst kunne hj\u00e6lpe og st\u00f8tte andre, s\u00e5 er det ikke nok bare at have taget en uddannelse hvor man har l\u00e6rt nogle teknikker, men det er derimod vigtigt at vi selv har m\u00e6rket, p\u00e5 egen krop, hvad det vil sige at g\u00e5 vejen med en selv. Pointen er at jeg kun kan tage dig s\u00e5 langt som jeg selv har g\u00e5et i og med mig selv, og det er derfor den indre \u2013 samt kropslige udvilking er af meget h\u00f8j priotitet i min egen hverdag og altid har v\u00e6ret, og jeg bruger de teknikker, jeg hj\u00e6lper andre med, p\u00e5 mig selv, og traume teknikken jeg har l\u00e6rt hos Jeanette Witt er bare en totalt gamechanger, ligesom det er at regulere mit nervesystem. Sammen g\u00e5r de to meget t\u00e6t h\u00e5nd i h\u00e5nd, og kan efter min mening ikke st\u00e5 alene, da vi er n\u00f8dt til at arbejde fra forskellige vinkler\u2026<\/p>\n<p>[\/et_pb_text][\/et_pb_column][\/et_pb_row][\/et_pb_section][et_pb_section fb_built=&#8221;1&#8243; fullwidth=&#8221;on&#8221; _builder_version=&#8221;4.0.11&#8243;][et_pb_fullwidth_image src=&#8221;http:\/\/www.vejenudaftraumeogstress.dk\/wp-content\/uploads\/2025\/06\/Mine-uddannelser.png&#8221; _builder_version=&#8221;4.0.11&#8243;][\/et_pb_fullwidth_image][\/et_pb_section][et_pb_section fb_built=&#8221;1&#8243; _builder_version=&#8221;4.0.11&#8243; global_module=&#8221;163&#8243;][et_pb_row _builder_version=&#8221;4.0.11&#8243;][et_pb_column type=&#8221;4_4&#8243; _builder_version=&#8221;4.0.11&#8243;][et_pb_text _builder_version=&#8221;4.0.11&#8243; text_font=&#8221;Old Standard TT||||||||&#8221; hover_enabled=&#8221;0&#8243;]<\/p>\n<h3 style=\"text-align: center;\"><strong>Mine uddannelser:<\/strong><\/h3>\n<p style=\"text-align: center;\"><strong>2010 \u2014&gt; Kinesiologi uddannelse<\/strong><\/p>\n<p style=\"text-align: center;\">Jeg l\u00e6rte her sammenh\u00e6ng mellem tanker, f\u00f8lelser, psyken og smerter i kroppen samt at behandle klienter via kinesiologi og dermed at l\u00e6re at forl\u00f8se deres traumer\/smertepunkter i kroppen<\/p>\n<p style=\"text-align: center;\"><strong>2013\/2014 \u2014&gt; Mentor uddannelse<\/strong><\/p>\n<p style=\"text-align: center;\">Her l\u00e6rte jeg at st\u00f8tte og vejlede som mentor i alle slags udfordringer<\/p>\n<p style=\"text-align: center;\"><strong>2014\/2015 \u2014&gt; Counselor uddannelse<\/strong><\/p>\n<p style=\"text-align: center;\">Her l\u00e6rte jeg om terapi, psykologi og at hj\u00e6lpe andre med deres traumer og udfordringer via samtaleterapi<\/p>\n<p style=\"text-align: center;\"><strong>2017\/2018 \u2014&gt; HBR release practitioner<\/strong><\/p>\n<p style=\"text-align: center;\">Her l\u00e6rte jeg forskellige teknikker s\u00e5som kranie sakral, en kinesiologi teknik, soul body fusion, om meridianer og meget andet<\/p>\n<p style=\"text-align: center;\"><strong>2022\/2023 \u2014&gt; TRE \u2013 tension and trauma release uddannelse<\/strong><\/p>\n<p style=\"text-align: center;\">Her l\u00e6rte jeg at forl\u00f8se traumer via 7 krops\u00f8velser som g\u00e5r ind og aktiverer en \u201cknap\u201d i kroppen, som mange har slukket for, som g\u00f8r vi mennesker ryster og vores krop kan forl\u00f8se traumer kropsligt, psykisk og energetisk helt selv uden at vi skal g\u00f8re noget<\/p>\n<p style=\"text-align: center;\"><strong>2023\/2024 \u2014&gt; uddannelse i restorative \u00f8velser<\/strong><\/p>\n<p style=\"text-align: center;\">Her l\u00e6rte jeg om alle de forskellige restorative \u00f8velser der findes og hvordan de bedst st\u00f8tter den enkelte og alt hvad de kommer med af traumer og kropssmerter<\/p>\n<p style=\"text-align: center;\"><strong>2023\/2024 \u2014&gt; Chok traume terapi hos Jeanette Witt med kinesiologi som v\u00e6rkt\u00f8j<\/strong><\/p>\n<p style=\"text-align: center;\">Her l\u00e6rte jeg at forl\u00f8se traumer og allergier via en helt unik og speciel teknik der arbejder p\u00e5 et bevidst \u2013 underbevidst og kropsligt plan<\/p>\n<p style=\"text-align: center;\"><strong>2025\/2026 \u2014&gt; Nervesystems terapeut hos Annemarie Clement<\/strong><\/p>\n<p style=\"text-align: center;\">Her l\u00e6rer jeg alt om nervesystemet samt kropsterapi, selv og samregulering<\/p>\n<p>[\/et_pb_text][\/et_pb_column][\/et_pb_row][\/et_pb_section]<\/p>\n","protected":false},"excerpt":{"rendered":"<p>[et_pb_section fb_built=&#8221;1&#8243; _builder_version=&#8221;4.0.11&#8243;][et_pb_row _builder_version=&#8221;4.0.11&#8243;][et_pb_column type=&#8221;4_4&#8243; _builder_version=&#8221;4.0.11&#8243;][et_pb_image src=&#8221;http:\/\/www.vejenudaftraumeogstress.dk\/wp-content\/uploads\/2025\/06\/Hvem-er-jeg.png&#8221; _builder_version=&#8221;4.0.11&#8243;][\/et_pb_image][\/et_pb_column][\/et_pb_row][\/et_pb_section][et_pb_section fb_built=&#8221;1&#8243; _builder_version=&#8221;4.0.11&#8243; global_module=&#8221;166&#8243;][et_pb_row _builder_version=&#8221;4.0.11&#8243;][et_pb_column type=&#8221;4_4&#8243; _builder_version=&#8221;4.0.11&#8243;][et_pb_text _builder_version=&#8221;4.0.11&#8243; text_font=&#8221;Old Standard TT||||||||&#8221; hover_enabled=&#8221;0&#8243;] Hvem er jeg? Jeg hedder Ninna, er 46 ung, fra K\u00f8benhavn. Jeg er klassisk projektor i human design og 2er som grundenergi i numerologi, s\u00e5 jeg kommer med et meget sansest\u00e6rkt nervesystem og intuition, hvor en [&hellip;]<\/p>\n","protected":false},"author":1,"featured_media":0,"parent":0,"menu_order":0,"comment_status":"closed","ping_status":"closed","template":"","meta":{"_et_pb_use_builder":"on","_et_pb_old_content":"","footnotes":""},"class_list":["post-33","page","type-page","status-publish","hentry"],"_links":{"self":[{"href":"http:\/\/www.vejenudaftraumeogstress.dk\/index.php\/wp-json\/wp\/v2\/pages\/33"}],"collection":[{"href":"http:\/\/www.vejenudaftraumeogstress.dk\/index.php\/wp-json\/wp\/v2\/pages"}],"about":[{"href":"http:\/\/www.vejenudaftraumeogstress.dk\/index.php\/wp-json\/wp\/v2\/types\/page"}],"author":[{"embeddable":true,"href":"http:\/\/www.vejenudaftraumeogstress.dk\/index.php\/wp-json\/wp\/v2\/users\/1"}],"replies":[{"embeddable":true,"href":"http:\/\/www.vejenudaftraumeogstress.dk\/index.php\/wp-json\/wp\/v2\/comments?post=33"}],"version-history":[{"count":6,"href":"http:\/\/www.vejenudaftraumeogstress.dk\/index.php\/wp-json\/wp\/v2\/pages\/33\/revisions"}],"predecessor-version":[{"id":205,"href":"http:\/\/www.vejenudaftraumeogstress.dk\/index.php\/wp-json\/wp\/v2\/pages\/33\/revisions\/205"}],"wp:attachment":[{"href":"http:\/\/www.vejenudaftraumeogstress.dk\/index.php\/wp-json\/wp\/v2\/media?parent=33"}],"curies":[{"name":"wp","href":"https:\/\/api.w.org\/{rel}","templated":true}]}}